{"id":1219,"date":"2024-01-11T19:08:15","date_gmt":"2024-01-11T11:08:15","guid":{"rendered":"https:\/\/www.kanglifehealth.com\/?page_id=1219"},"modified":"2024-02-04T16:17:07","modified_gmt":"2024-02-04T08:17:07","slug":"%e5%b7%b4%e8%a5%bf%e6%b3%a8%e5%86%8c","status":"publish","type":"page","link":"https:\/\/www.kanglifehealth.com\/zh_cn\/%e5%b7%b4%e8%a5%bf%e6%b3%a8%e5%86%8c\/","title":{"rendered":"\u5df4\u897f\u6ce8\u518c"},"content":{"rendered":"\t\t<div data-elementor-type=\"wp-page\" data-elementor-id=\"1219\" class=\"elementor elementor-1219\">\n\t\t\t\t<div class=\"elementor-element elementor-element-e215bc7 e-flex e-con-boxed e-con e-parent\" data-id=\"e215bc7\" data-element_type=\"container\" data-settings=\"{&quot;background_background&quot;:&quot;classic&quot;,&quot;content_width&quot;:&quot;boxed&quot;}\" data-core-v316-plus=\"true\">\n\t\t\t\t\t<div class=\"e-con-inner\">\n\t\t<div class=\"elementor-element elementor-element-106329d e-con-full e-flex e-con e-child\" data-id=\"106329d\" data-element_type=\"container\" data-settings=\"{&quot;content_width&quot;:&quot;full&quot;}\">\n\t\t\t\t<div class=\"elementor-element elementor-element-8987177 elementor-widget elementor-widget-heading\" data-id=\"8987177\" data-element_type=\"widget\" data-widget_type=\"heading.default\">\n\t\t\t\t<div class=\"elementor-widget-container\">\n\t\t\t<style>\/*! elementor - v3.19.0 - 29-01-2024 *\/\n.elementor-heading-title{padding:0;margin:0;line-height:1}.elementor-widget-heading .elementor-heading-title[class*=elementor-size-]>a{color:inherit;font-size:inherit;line-height:inherit}.elementor-widget-heading .elementor-heading-title.elementor-size-small{font-size:15px}.elementor-widget-heading .elementor-heading-title.elementor-size-medium{font-size:19px}.elementor-widget-heading .elementor-heading-title.elementor-size-large{font-size:29px}.elementor-widget-heading .elementor-heading-title.elementor-size-xl{font-size:39px}.elementor-widget-heading .elementor-heading-title.elementor-size-xxl{font-size:59px}<\/style><h2 class=\"elementor-heading-title elementor-size-default\">\u5df4\u897f\u6ce8\u518c<\/h2>\t\t<\/div>\n\t\t\t\t<\/div>\n\t\t\t\t<\/div>\n\t\t\t\t\t<\/div>\n\t\t\t\t<\/div>\n\t\t<div class=\"elementor-element elementor-element-2a7ba46 e-flex e-con-boxed e-con e-parent\" data-id=\"2a7ba46\" data-element_type=\"container\" data-settings=\"{&quot;content_width&quot;:&quot;boxed&quot;}\" data-core-v316-plus=\"true\">\n\t\t\t\t\t<div class=\"e-con-inner\">\n\t\t<div class=\"elementor-element elementor-element-91d3661 e-flex e-con-boxed e-con e-child\" data-id=\"91d3661\" data-element_type=\"container\" data-settings=\"{&quot;content_width&quot;:&quot;boxed&quot;}\">\n\t\t\t\t\t<div class=\"e-con-inner\">\n\t\t\t\t<div class=\"elementor-element elementor-element-30752c7 elementor-widget elementor-widget-heading\" data-id=\"30752c7\" data-element_type=\"widget\" data-widget_type=\"heading.default\">\n\t\t\t\t<div class=\"elementor-widget-container\">\n\t\t\t<h3 class=\"elementor-heading-title elementor-size-default\">\u4e00\u3001\u76d1\u7ba1\u673a\u6784<\/h3>\t\t<\/div>\n\t\t\t\t<\/div>\n\t\t\t\t<div class=\"elementor-element elementor-element-a818223 elementor-widget elementor-widget-text-editor\" data-id=\"a818223\" data-element_type=\"widget\" data-widget_type=\"text-editor.default\">\n\t\t\t\t<div class=\"elementor-widget-container\">\n\t\t\t<style>\/*! elementor - v3.19.0 - 29-01-2024 *\/\n.elementor-widget-text-editor.elementor-drop-cap-view-stacked .elementor-drop-cap{background-color:#69727d;color:#fff}.elementor-widget-text-editor.elementor-drop-cap-view-framed .elementor-drop-cap{color:#69727d;border:3px solid;background-color:transparent}.elementor-widget-text-editor:not(.elementor-drop-cap-view-default) .elementor-drop-cap{margin-top:8px}.elementor-widget-text-editor:not(.elementor-drop-cap-view-default) .elementor-drop-cap-letter{width:1em;height:1em}.elementor-widget-text-editor .elementor-drop-cap{float:left;text-align:center;line-height:1;font-size:50px}.elementor-widget-text-editor .elementor-drop-cap-letter{display:inline-block}<\/style>\t\t\t\t<p>\u5728\u5df4\u897f\uff0c\u533b\u7597\u5668\u68b0\u4f53\u5916\u8bca\u65ad\u533b\u7597\u5668\u68b0\u53d7\u5df4\u897f\u56fd\u5bb6\u536b\u751f\u76d1\u7ba1\u5c40 (Ag\u00eancia N.acional de Vigil\u00e2ncia Sanit\u00e1ria, \u7b80\u79f0ANVISA)\u76d1\u7ba1\u3002<\/p><p>ANVISA\u7f51\u5740\uff1ahttp:\/\/antigo.anvisa.gov.br\/en\/english<\/p>\t\t\t\t\t\t<\/div>\n\t\t\t\t<\/div>\n\t\t\t\t\t<\/div>\n\t\t\t\t<\/div>\n\t\t<div class=\"elementor-element elementor-element-e70b533 e-flex e-con-boxed e-con e-child\" data-id=\"e70b533\" data-element_type=\"container\" data-settings=\"{&quot;content_width&quot;:&quot;boxed&quot;}\">\n\t\t\t\t\t<div class=\"e-con-inner\">\n\t\t\t\t<div class=\"elementor-element elementor-element-f4a835b elementor-widget elementor-widget-heading\" data-id=\"f4a835b\" data-element_type=\"widget\" data-widget_type=\"heading.default\">\n\t\t\t\t<div class=\"elementor-widget-container\">\n\t\t\t<h3 class=\"elementor-heading-title elementor-size-default\">\u4e8c\u3001\u76f8\u5173\u6cd5\u89c4\u548c\u5206\u7c7b<\/h3>\t\t<\/div>\n\t\t\t\t<\/div>\n\t\t\t\t<div class=\"elementor-element elementor-element-2b9f246 elementor-widget elementor-widget-image\" data-id=\"2b9f246\" data-element_type=\"widget\" data-widget_type=\"image.default\">\n\t\t\t\t<div class=\"elementor-widget-container\">\n\t\t\t<style>\/*! elementor - v3.19.0 - 29-01-2024 *\/\n.elementor-widget-image{text-align:center}.elementor-widget-image a{display:inline-block}.elementor-widget-image a img[src$=\".svg\"]{width:48px}.elementor-widget-image img{vertical-align:middle;display:inline-block}<\/style>\t\t\t\t\t\t\t\t\t\t<img fetchpriority=\"high\" decoding=\"async\" width=\"1024\" height=\"139\" src=\"https:\/\/www.kanglifehealth.com\/wp-content\/uploads\/2024\/02\/2433b65fa1be567f6bd7f9b622e224e-1-1024x139.png\" class=\"attachment-large size-large wp-image-1582\" alt=\"\" srcset=\"https:\/\/www.kanglifehealth.com\/wp-content\/uploads\/2024\/02\/2433b65fa1be567f6bd7f9b622e224e-1-1024x139.png 1024w, https:\/\/www.kanglifehealth.com\/wp-content\/uploads\/2024\/02\/2433b65fa1be567f6bd7f9b622e224e-1-300x41.png 300w, https:\/\/www.kanglifehealth.com\/wp-content\/uploads\/2024\/02\/2433b65fa1be567f6bd7f9b622e224e-1-768x104.png 768w, https:\/\/www.kanglifehealth.com\/wp-content\/uploads\/2024\/02\/2433b65fa1be567f6bd7f9b622e224e-1-1536x208.png 1536w, https:\/\/www.kanglifehealth.com\/wp-content\/uploads\/2024\/02\/2433b65fa1be567f6bd7f9b622e224e-1.png 1715w\" sizes=\"(max-width: 1024px) 100vw, 1024px\" \/>\t\t\t\t\t\t\t\t\t\t\t\t\t<\/div>\n\t\t\t\t<\/div>\n\t\t\t\t\t<\/div>\n\t\t\t\t<\/div>\n\t\t<div class=\"elementor-element elementor-element-47e124d e-flex e-con-boxed e-con e-child\" data-id=\"47e124d\" data-element_type=\"container\" data-settings=\"{&quot;content_width&quot;:&quot;boxed&quot;}\">\n\t\t\t\t\t<div class=\"e-con-inner\">\n\t\t\t\t<div class=\"elementor-element elementor-element-426bd5a elementor-widget elementor-widget-heading\" data-id=\"426bd5a\" data-element_type=\"widget\" data-widget_type=\"heading.default\">\n\t\t\t\t<div class=\"elementor-widget-container\">\n\t\t\t<h3 class=\"elementor-heading-title elementor-size-default\">\u4e09\u3001\u6ce8\u518c\u8def\u5f84\u548c\u5468\u671f<\/h3>\t\t<\/div>\n\t\t\t\t<\/div>\n\t\t\t\t<div class=\"elementor-element elementor-element-31f8c2c elementor-widget elementor-widget-image\" data-id=\"31f8c2c\" data-element_type=\"widget\" data-widget_type=\"image.default\">\n\t\t\t\t<div class=\"elementor-widget-container\">\n\t\t\t\t\t\t\t\t\t\t\t\t\t<img decoding=\"async\" width=\"1024\" height=\"180\" src=\"https:\/\/www.kanglifehealth.com\/wp-content\/uploads\/2024\/02\/857d37fba3dda0e8aeee2f4ecc574b7-1-1024x180.png\" class=\"attachment-large size-large wp-image-1583\" alt=\"\" srcset=\"https:\/\/www.kanglifehealth.com\/wp-content\/uploads\/2024\/02\/857d37fba3dda0e8aeee2f4ecc574b7-1-1024x180.png 1024w, https:\/\/www.kanglifehealth.com\/wp-content\/uploads\/2024\/02\/857d37fba3dda0e8aeee2f4ecc574b7-1-300x53.png 300w, https:\/\/www.kanglifehealth.com\/wp-content\/uploads\/2024\/02\/857d37fba3dda0e8aeee2f4ecc574b7-1-768x135.png 768w, https:\/\/www.kanglifehealth.com\/wp-content\/uploads\/2024\/02\/857d37fba3dda0e8aeee2f4ecc574b7-1-1536x270.png 1536w, https:\/\/www.kanglifehealth.com\/wp-content\/uploads\/2024\/02\/857d37fba3dda0e8aeee2f4ecc574b7-1.png 1715w\" sizes=\"(max-width: 1024px) 100vw, 1024px\" \/>\t\t\t\t\t\t\t\t\t\t\t\t\t<\/div>\n\t\t\t\t<\/div>\n\t\t\t\t<div class=\"elementor-element elementor-element-4b52884 elementor-widget elementor-widget-text-editor\" data-id=\"4b52884\" data-element_type=\"widget\" data-widget_type=\"text-editor.default\">\n\t\t\t\t<div class=\"elementor-widget-container\">\n\t\t\t\t\t\t\t<p>\u7279\u6b8a\u8981\u6c42\uff1a\u6709\u6e90\u533b\u7597\u5668\u68b0\u8fd8\u9700\u8981\u529e\u7406Inmetro\u8ba4\u8bc1\u3002<\/p>\t\t\t\t\t\t<\/div>\n\t\t\t\t<\/div>\n\t\t\t\t\t<\/div>\n\t\t\t\t<\/div>\n\t\t<div class=\"elementor-element elementor-element-73dac73 e-flex e-con-boxed e-con e-child\" data-id=\"73dac73\" data-element_type=\"container\" data-settings=\"{&quot;content_width&quot;:&quot;boxed&quot;}\">\n\t\t\t\t\t<div class=\"e-con-inner\">\n\t\t\t\t<div class=\"elementor-element elementor-element-93c39b7 elementor-widget elementor-widget-heading\" data-id=\"93c39b7\" data-element_type=\"widget\" data-widget_type=\"heading.default\">\n\t\t\t\t<div class=\"elementor-widget-container\">\n\t\t\t<h3 class=\"elementor-heading-title elementor-size-default\">\u56db\u3001\u5f53\u5730\u4ee3\u8868<\/h3>\t\t<\/div>\n\t\t\t\t<\/div>\n\t\t\t\t<div class=\"elementor-element elementor-element-041368a elementor-widget elementor-widget-text-editor\" data-id=\"041368a\" data-element_type=\"widget\" data-widget_type=\"text-editor.default\">\n\t\t\t\t<div class=\"elementor-widget-container\">\n\t\t\t\t\t\t\t<p>\u5883\u5916\u5236\u9020\u5546\u5fc5\u987b\u6388\u6743\u5f53\u5730\u4ee3\u7406\u4eba\u4f5c\u4e3a\u5df4\u897f\u6ce8\u518c\u6301\u6709\u4eba(BRH)\uff0c\u7b80\u79f0\u5df4\u4ee3\uff0c\u4f5c\u4e3a\u5236\u9020\u5546\u548c\u5df4\u897f\u56fd\u5bb6\u536b\u751f\u76d1\u7763\u5c40ANVISA\u7684\u8054\u7edc\u4eba\uff0c\u8d1f\u8d23\u5236\u9020\u5546\u5728\u5df4\u897f\u533b\u7597\u5668\u68b0\u7684\u6ce8\u518c\u767b\u8bb0\u548c\u4e0a\u5e02\u540e\u76d1\u7ba1\u7684\u76f8\u5173\u4e8b\u5b9c\u3002<\/p>\t\t\t\t\t\t<\/div>\n\t\t\t\t<\/div>\n\t\t\t\t\t<\/div>\n\t\t\t\t<\/div>\n\t\t<div class=\"elementor-element elementor-element-9ac750d e-flex e-con-boxed e-con e-child\" data-id=\"9ac750d\" data-element_type=\"container\" data-settings=\"{&quot;content_width&quot;:&quot;boxed&quot;}\">\n\t\t\t\t\t<div class=\"e-con-inner\">\n\t\t\t\t<div class=\"elementor-element elementor-element-fcada8a elementor-widget elementor-widget-heading\" data-id=\"fcada8a\" data-element_type=\"widget\" data-widget_type=\"heading.default\">\n\t\t\t\t<div class=\"elementor-widget-container\">\n\t\t\t<h3 class=\"elementor-heading-title elementor-size-default\">\u4e94\u3001\u670d\u52a1\u5185\u5bb9<\/h3>\t\t<\/div>\n\t\t\t\t<\/div>\n\t\t\t\t<div class=\"elementor-element elementor-element-3a5ca8b elementor-widget elementor-widget-text-editor\" data-id=\"3a5ca8b\" data-element_type=\"widget\" data-widget_type=\"text-editor.default\">\n\t\t\t\t<div class=\"elementor-widget-container\">\n\t\t\t\t\t\t\t<p>\u9488\u5bf9\u5df4\u897f\u5e02\u573a\uff0c\u5eb7\u85aa\u53ef\u63d0\u4f9b\u4ee5\u4e0b\u670d\u52a1\uff1a<\/p><ul><li>\u51c6\u5165\u7b56\u7565\u54a8\u8be2\uff1b<\/li><li>\u8d28\u91cf\u7ba1\u7406\u4f53\u7cfb\u8f85\u5bfc\uff1aMDSAP\uff1b<\/li><li>\u6280\u672f\u6587\u4ef6\u8f85\u5bfc\uff1b<\/li><li>\u7b2c\u4e09\u65b9\u5df4\u897f\u6ce8\u518c\u6301\u6709\u4eba<\/li><\/ul>\t\t\t\t\t\t<\/div>\n\t\t\t\t<\/div>\n\t\t\t\t\t<\/div>\n\t\t\t\t<\/div>\n\t\t\t\t\t<\/div>\n\t\t\t\t<\/div>\n\t\t\t\t<\/div>\n\t\t","protected":false},"excerpt":{"rendered":"<p>\u5df4\u897f\u6ce8\u518c \u4e00\u3001\u76d1\u7ba1\u673a\u6784 \u5728\u5df4\u897f\uff0c\u533b\u7597\u5668\u68b0\u4f53\u5916\u8bca\u65ad\u533b\u7597\u5668\u68b0\u53d7\u5df4\u897f\u56fd\u5bb6\u536b\u751f\u76d1\u7ba1\u5c40 (Ag\u00eancia N.acion [&hellip;]<\/p>\n","protected":false},"author":1,"featured_media":0,"parent":0,"menu_order":0,"comment_status":"closed","ping_status":"closed","template":"","meta":{"site-sidebar-layout":"no-sidebar","site-content-layout":"page-builder","ast-site-content-layout":"full-width-container","site-content-style":"unboxed","site-sidebar-style":"unboxed","ast-global-header-display":"","ast-banner-title-visibility":"","ast-main-header-display":"","ast-hfb-above-header-display":"","ast-hfb-below-header-display":"","ast-hfb-mobile-header-display":"","site-post-title":"disabled","ast-breadcrumbs-content":"","ast-featured-img":"disabled","footer-sml-layout":"","theme-transparent-header-meta":"enabled","adv-header-id-meta":"","stick-header-meta":"","header-above-stick-meta":"","header-main-stick-meta":"","header-below-stick-meta":"","astra-migrate-meta-layouts":"set","ast-page-background-enabled":"default","ast-page-background-meta":{"desktop":{"background-color":"","background-image":"","background-repeat":"repeat","background-position":"center center","background-size":"auto","background-attachment":"scroll","background-type":"","background-media":"","overlay-type":"","overlay-color":"","overlay-gradient":""},"tablet":{"background-color":"","background-image":"","background-repeat":"repeat","background-position":"center center","background-size":"auto","background-attachment":"scroll","background-type":"","background-media":"","overlay-type":"","overlay-color":"","overlay-gradient":""},"mobile":{"background-color":"","background-image":"","background-repeat":"repeat","background-position":"center center","background-size":"auto","background-attachment":"scroll","background-type":"","background-media":"","overlay-type":"","overlay-color":"","overlay-gradient":""}},"ast-content-background-meta":{"desktop":{"background-color":"var(--ast-global-color-5)","background-image":"","background-repeat":"repeat","background-position":"center center","background-size":"auto","background-attachment":"scroll","background-type":"","background-media":"","overlay-type":"","overlay-color":"","overlay-gradient":""},"tablet":{"background-color":"var(--ast-global-color-5)","background-image":"","background-repeat":"repeat","background-position":"center center","background-size":"auto","background-attachment":"scroll","background-type":"","background-media":"","overlay-type":"","overlay-color":"","overlay-gradient":""},"mobile":{"background-color":"var(--ast-global-color-5)","background-image":"","background-repeat":"repeat","background-position":"center center","background-size":"auto","background-attachment":"scroll","background-type":"","background-media":"","overlay-type":"","overlay-color":"","overlay-gradient":""}},"footnotes":""},"class_list":["post-1219","page","type-page","status-publish","hentry"],"aioseo_notices":[],"_links":{"self":[{"href":"https:\/\/www.kanglifehealth.com\/zh_cn\/wp-json\/wp\/v2\/pages\/1219","targetHints":{"allow":["GET"]}}],"collection":[{"href":"https:\/\/www.kanglifehealth.com\/zh_cn\/wp-json\/wp\/v2\/pages"}],"about":[{"href":"https:\/\/www.kanglifehealth.com\/zh_cn\/wp-json\/wp\/v2\/types\/page"}],"author":[{"embeddable":true,"href":"https:\/\/www.kanglifehealth.com\/zh_cn\/wp-json\/wp\/v2\/users\/1"}],"replies":[{"embeddable":true,"href":"https:\/\/www.kanglifehealth.com\/zh_cn\/wp-json\/wp\/v2\/comments?post=1219"}],"version-history":[{"count":7,"href":"https:\/\/www.kanglifehealth.com\/zh_cn\/wp-json\/wp\/v2\/pages\/1219\/revisions"}],"predecessor-version":[{"id":1586,"href":"https:\/\/www.kanglifehealth.com\/zh_cn\/wp-json\/wp\/v2\/pages\/1219\/revisions\/1586"}],"wp:attachment":[{"href":"https:\/\/www.kanglifehealth.com\/zh_cn\/wp-json\/wp\/v2\/media?parent=1219"}],"curies":[{"name":"wp","href":"https:\/\/api.w.org\/{rel}","templated":true}]}}